{"id":783,"date":"2018-03-15T15:29:15","date_gmt":"2018-03-15T14:29:15","guid":{"rendered":"http:\/\/pscg.me\/?page_id=783"},"modified":"2018-04-14T13:34:27","modified_gmt":"2018-04-14T12:34:27","slug":"perunovic-djordije-djedo","status":"publish","type":"page","link":"https:\/\/pscg.me\/en\/predsjednici-saveza\/perunovic-djordije-djedo\/","title":{"rendered":"(Montenegro) Perunovi\u0107 Filipa \u0110or\u0111ije &#8211; \u0110edo"},"content":{"rendered":"<p class=\"qtranxs-available-languages-message qtranxs-available-languages-message-en\">Sorry, this entry is only available in <a href=\"https:\/\/pscg.me\/sr\/wp-json\/wp\/v2\/pages\/783\" class=\"qtranxs-available-language-link qtranxs-available-language-link-sr\" title=\"Montenegro\">Montenegro<\/a>.<\/p>","protected":false},"excerpt":{"rendered":"<p>Sorry, this entry is only available in Montenegro.<\/p>\n","protected":false},"author":1,"featured_media":0,"parent":273,"menu_order":0,"comment_status":"closed","ping_status":"closed","template":"","meta":{"footnotes":""},"class_list":["post-783","page","type-page","status-publish","hentry"],"jetpack_likes_enabled":true,"jetpack-related-posts":[{"id":2822,"url":"https:\/\/pscg.me\/en\/predsjednici-saveza\/miloboricic\/","url_meta":{"origin":783,"position":0},"title":"(Montenegro) Milo Bori\u010di\u0107","author":"spetrov","date":"Wednesday March 14th, 2018","format":false,"excerpt":"Sorry, this entry is only available in Montenegro.","rel":"","context":"Similar post","block_context":{"text":"Similar post","link":""},"img":{"alt_text":"","src":"https:\/\/i0.wp.com\/pscg.me\/wp-content\/uploads\/2021\/01\/Milo-Boricic-195x300.jpg?resize=350%2C200","width":350,"height":200},"classes":[]},{"id":2834,"url":"https:\/\/pscg.me\/en\/predsjednici-saveza\/gojko\/","url_meta":{"origin":783,"position":1},"title":"(Montenegro) Gojko Vlahovi\u0107 (1979-1981)","author":"spetrov","date":"Wednesday March 14th, 2018","format":false,"excerpt":"Sorry, this entry is only available in Montenegro.","rel":"","context":"Similar post","block_context":{"text":"Similar post","link":""},"img":{"alt_text":"","src":"https:\/\/i0.wp.com\/pscg.me\/wp-content\/uploads\/2018\/02\/Gojko-Vlahovic-216x300.jpg?resize=350%2C200","width":350,"height":200},"classes":[]},{"id":812,"url":"https:\/\/pscg.me\/en\/predsjednici-saveza\/drago\/","url_meta":{"origin":783,"position":2},"title":"(Montenegro) Dragutin Drago Vuja\u010di\u0107","author":"spetrov","date":"Wednesday March 14th, 2018","format":false,"excerpt":"Sorry, this entry is only available in Montenegro.","rel":"","context":"Similar post","block_context":{"text":"Similar post","link":""},"img":{"alt_text":"","src":"https:\/\/i0.wp.com\/pscg.me\/wp-content\/uploads\/2018\/05\/Fotografija-Dragutin-vujacic.jpg?resize=350%2C200","width":350,"height":200},"classes":[]},{"id":803,"url":"https:\/\/pscg.me\/en\/predsjednici-saveza\/rako_nikcevic\/","url_meta":{"origin":783,"position":3},"title":"(Montenegro) Radosav Nik\u010devi\u0107","author":"spetrov","date":"Wednesday March 14th, 2018","format":false,"excerpt":"Sorry, this entry is only available in Montenegro.","rel":"","context":"Similar post","block_context":{"text":"Similar post","link":""},"img":{"alt_text":"","src":"https:\/\/i0.wp.com\/pscg.me\/wp-content\/uploads\/2018\/04\/radosav-nikcevic.jpg?resize=350%2C200","width":350,"height":200},"classes":[]},{"id":545,"url":"https:\/\/pscg.me\/en\/predsjednici-saveza\/miodrag-mijo-kovacevic\/","url_meta":{"origin":783,"position":4},"title":"(Montenegro) Miodrag Mijo Kova\u010devi\u0107","author":"spetrov","date":"Thursday March 15th, 2018","format":false,"excerpt":"Sorry, this entry is only available in Montenegro.","rel":"","context":"Similar post","block_context":{"text":"Similar post","link":""},"img":{"alt_text":"","src":"https:\/\/i0.wp.com\/pscg.me\/wp-content\/uploads\/2018\/02\/Mijo-Kovacevic.jpg?resize=350%2C200","width":350,"height":200},"classes":[]},{"id":642,"url":"https:\/\/pscg.me\/en\/clubs\/spk-soko\/","url_meta":{"origin":783,"position":5},"title":"(Montenegro) SPK SOKO","author":"spetrov","date":"Sunday March 18th, 2018","format":false,"excerpt":"Sorry, this entry is only available in Montenegro.","rel":"","context":"Similar post","block_context":{"text":"Similar post","link":""},"img":{"alt_text":"","src":"https:\/\/i0.wp.com\/pscg.me\/wp-content\/uploads\/2018\/03\/011-spk-soko-300x300.jpg?resize=350%2C200","width":350,"height":200},"classes":[]}],"jetpack_sharing_enabled":true,"jetpack_shortlink":"https:\/\/wp.me\/P9BVX3-cD","_links":{"self":[{"href":"https:\/\/pscg.me\/en\/wp-json\/wp\/v2\/pages\/783","targetHints":{"allow":["GET"]}}],"collection":[{"href":"https:\/\/pscg.me\/en\/wp-json\/wp\/v2\/pages"}],"about":[{"href":"https:\/\/pscg.me\/en\/wp-json\/wp\/v2\/types\/page"}],"author":[{"embeddable":true,"href":"https:\/\/pscg.me\/en\/wp-json\/wp\/v2\/users\/1"}],"replies":[{"embeddable":true,"href":"https:\/\/pscg.me\/en\/wp-json\/wp\/v2\/comments?post=783"}],"version-history":[{"count":0,"href":"https:\/\/pscg.me\/en\/wp-json\/wp\/v2\/pages\/783\/revisions"}],"up":[{"embeddable":true,"href":"https:\/\/pscg.me\/en\/wp-json\/wp\/v2\/pages\/273"}],"wp:attachment":[{"href":"https:\/\/pscg.me\/en\/wp-json\/wp\/v2\/media?parent=783"}],"curies":[{"name":"wp","href":"https:\/\/api.w.org\/{rel}","templated":true}]}}