{"id":686,"date":"2018-03-18T21:52:23","date_gmt":"2018-03-18T20:52:23","guid":{"rendered":"http:\/\/pscg.me\/?page_id=686"},"modified":"2023-04-11T14:41:32","modified_gmt":"2023-04-11T13:41:32","slug":"pk-sinjavina","status":"publish","type":"page","link":"https:\/\/pscg.me\/en\/clubs\/pk-sinjavina\/","title":{"rendered":"(Montenegro) PK SINJAVINA"},"content":{"rendered":"<p class=\"qtranxs-available-languages-message qtranxs-available-languages-message-en\">Sorry, this entry is only available in <a href=\"https:\/\/pscg.me\/sr\/wp-json\/wp\/v2\/pages\/686\" class=\"qtranxs-available-language-link qtranxs-available-language-link-sr\" title=\"Montenegro\">Montenegro<\/a>.<\/p>","protected":false},"excerpt":{"rendered":"<p>Sorry, this entry is only available in Montenegro.<\/p>\n","protected":false},"author":1,"featured_media":0,"parent":9,"menu_order":0,"comment_status":"closed","ping_status":"closed","template":"","meta":{"footnotes":""},"class_list":["post-686","page","type-page","status-publish","hentry"],"jetpack_likes_enabled":true,"jetpack-related-posts":[{"id":690,"url":"https:\/\/pscg.me\/en\/clubs\/proscenske\/","url_meta":{"origin":686,"position":0},"title":"(Montenegro) PSK PRO\u0160\u0106ENSKE PLANINE","author":"spetrov","date":"Sunday March 18th, 2018","format":false,"excerpt":"Sorry, this entry is only available in Montenegro.","rel":"","context":"Similar post","block_context":{"text":"Similar post","link":""},"img":{"alt_text":"","src":"https:\/\/i0.wp.com\/pscg.me\/wp-content\/uploads\/2018\/03\/021-pk-proscenske-planine-279x300.jpg?resize=350%2C200","width":350,"height":200},"classes":[]},{"id":6230,"url":"https:\/\/pscg.me\/en\/clubs\/brskovo\/","url_meta":{"origin":686,"position":1},"title":"(Montenegro) PSK BRSKOVO","author":"Tatjana Ivanovic","date":"Sunday March 18th, 2018","format":false,"excerpt":"Sorry, this entry is only available in Montenegro.","rel":"","context":"Similar post","block_context":{"text":"Similar post","link":""},"img":{"alt_text":"","src":"https:\/\/i0.wp.com\/pscg.me\/wp-content\/uploads\/2025\/02\/450247135_122098996832403611_6887541059750455415_n-1.jpg?resize=350%2C200&ssl=1","width":350,"height":200},"classes":[]},{"id":3526,"url":"https:\/\/pscg.me\/en\/clubs\/dzambas\/","url_meta":{"origin":686,"position":2},"title":"(Montenegro) PSK DU\u0160AN BULATOVI\u0106 D\u017dAMBAS","author":"spetrov","date":"Sunday March 18th, 2018","format":false,"excerpt":"Sorry, this entry is only available in Montenegro.","rel":"","context":"Similar post","block_context":{"text":"Similar post","link":""},"img":{"alt_text":"","src":"https:\/\/i0.wp.com\/pscg.me\/wp-content\/uploads\/2022\/02\/IMG-07019f84cd23a4c581babb25a6ea3b8e-V-300x287.jpg?resize=350%2C200","width":350,"height":200},"classes":[]},{"id":3516,"url":"https:\/\/pscg.me\/en\/clubs\/pskjelencica\/","url_meta":{"origin":686,"position":3},"title":"(Montenegro) PSK JELEN\u010cICA","author":"spetrov","date":"Sunday March 18th, 2018","format":false,"excerpt":"Sorry, this entry is only available in Montenegro.","rel":"","context":"Similar post","block_context":{"text":"Similar post","link":""},"img":{"alt_text":"","src":"https:\/\/i0.wp.com\/pscg.me\/wp-content\/uploads\/2022\/02\/Jelencica-pl-dom.jpg?resize=350%2C200&ssl=1","width":350,"height":200,"srcset":"https:\/\/i0.wp.com\/pscg.me\/wp-content\/uploads\/2022\/02\/Jelencica-pl-dom.jpg?resize=350%2C200&ssl=1 1x, https:\/\/i0.wp.com\/pscg.me\/wp-content\/uploads\/2022\/02\/Jelencica-pl-dom.jpg?resize=525%2C300&ssl=1 1.5x, https:\/\/i0.wp.com\/pscg.me\/wp-content\/uploads\/2022\/02\/Jelencica-pl-dom.jpg?resize=700%2C400&ssl=1 2x, https:\/\/i0.wp.com\/pscg.me\/wp-content\/uploads\/2022\/02\/Jelencica-pl-dom.jpg?resize=1050%2C600&ssl=1 3x, https:\/\/i0.wp.com\/pscg.me\/wp-content\/uploads\/2022\/02\/Jelencica-pl-dom.jpg?resize=1400%2C800&ssl=1 4x"},"classes":[]},{"id":662,"url":"https:\/\/pscg.me\/en\/clubs\/ak-niskogorci\/","url_meta":{"origin":686,"position":4},"title":"(Montenegro) AK NISKOGORCI","author":"spetrov","date":"Sunday March 18th, 2018","format":false,"excerpt":"Sorry, this entry is only available in Montenegro.","rel":"","context":"Similar post","block_context":{"text":"Similar post","link":""},"img":{"alt_text":"","src":"https:\/\/i0.wp.com\/pscg.me\/wp-content\/uploads\/2022\/04\/niskogorci-300x206.jpg?resize=350%2C200&ssl=1","width":350,"height":200},"classes":[]},{"id":623,"url":"https:\/\/pscg.me\/en\/clubs\/vojomalovaric\/","url_meta":{"origin":686,"position":5},"title":"(Montenegro) SPK VOJO MASLOVARI\u0106 BERANE","author":"spetrov","date":"Sunday March 18th, 2018","format":false,"excerpt":"Sorry, this entry is only available in Montenegro.","rel":"","context":"Similar post","block_context":{"text":"Similar post","link":""},"img":{"alt_text":"","src":"https:\/\/i0.wp.com\/pscg.me\/wp-content\/uploads\/2018\/03\/04-psk-vojo-maslovaric-150x150.jpg?resize=350%2C200","width":350,"height":200},"classes":[]}],"jetpack_sharing_enabled":true,"jetpack_shortlink":"https:\/\/wp.me\/P9BVX3-b4","_links":{"self":[{"href":"https:\/\/pscg.me\/en\/wp-json\/wp\/v2\/pages\/686","targetHints":{"allow":["GET"]}}],"collection":[{"href":"https:\/\/pscg.me\/en\/wp-json\/wp\/v2\/pages"}],"about":[{"href":"https:\/\/pscg.me\/en\/wp-json\/wp\/v2\/types\/page"}],"author":[{"embeddable":true,"href":"https:\/\/pscg.me\/en\/wp-json\/wp\/v2\/users\/1"}],"replies":[{"embeddable":true,"href":"https:\/\/pscg.me\/en\/wp-json\/wp\/v2\/comments?post=686"}],"version-history":[{"count":0,"href":"https:\/\/pscg.me\/en\/wp-json\/wp\/v2\/pages\/686\/revisions"}],"up":[{"embeddable":true,"href":"https:\/\/pscg.me\/en\/wp-json\/wp\/v2\/pages\/9"}],"wp:attachment":[{"href":"https:\/\/pscg.me\/en\/wp-json\/wp\/v2\/media?parent=686"}],"curies":[{"name":"wp","href":"https:\/\/api.w.org\/{rel}","templated":true}]}}