{"id":623,"date":"2018-03-18T21:52:23","date_gmt":"2018-03-18T20:52:23","guid":{"rendered":"http:\/\/pscg.me\/?page_id=623"},"modified":"2025-12-02T14:07:57","modified_gmt":"2025-12-02T13:07:57","slug":"vojomalovaric","status":"publish","type":"page","link":"https:\/\/pscg.me\/en\/clubs\/vojomalovaric\/","title":{"rendered":"(Montenegro) SPK VOJO MASLOVARI\u0106 BERANE"},"content":{"rendered":"<p class=\"qtranxs-available-languages-message qtranxs-available-languages-message-en\">Sorry, this entry is only available in <a href=\"https:\/\/pscg.me\/sr\/wp-json\/wp\/v2\/pages\/623\" class=\"qtranxs-available-language-link qtranxs-available-language-link-sr\" title=\"Montenegro\">Montenegro<\/a>.<\/p>","protected":false},"excerpt":{"rendered":"<p>Sorry, this entry is only available in Montenegro.<\/p>\n","protected":false},"author":1,"featured_media":0,"parent":9,"menu_order":0,"comment_status":"closed","ping_status":"closed","template":"","meta":{"footnotes":""},"class_list":["post-623","page","type-page","status-publish","hentry"],"jetpack_likes_enabled":true,"jetpack-related-posts":[{"id":793,"url":"https:\/\/pscg.me\/en\/predsjednici-saveza\/softic_safet\/","url_meta":{"origin":623,"position":0},"title":"(Montenegro) Softi\u0107 Safet &#8211; Safo","author":"spetrov","date":"Wednesday March 14th, 2018","format":false,"excerpt":"Sorry, this entry is only available in Montenegro.","rel":"","context":"Similar post","block_context":{"text":"Similar post","link":""},"img":{"alt_text":"","src":"https:\/\/i0.wp.com\/pscg.me\/wp-content\/uploads\/2018\/04\/safet-softic-nova-naslovna-216x300.jpg?resize=350%2C200","width":350,"height":200},"classes":[]},{"id":621,"url":"https:\/\/pscg.me\/en\/clubs\/pkberane\/","url_meta":{"origin":623,"position":1},"title":"(Montenegro) PSK BERANE","author":"spetrov","date":"Sunday March 18th, 2018","format":false,"excerpt":"Sorry, this entry is only available in Montenegro.","rel":"","context":"Similar post","block_context":{"text":"Similar post","link":""},"img":{"alt_text":"","src":"https:\/\/i0.wp.com\/pscg.me\/wp-content\/uploads\/2020\/01\/Logoberane.png?resize=350%2C200&ssl=1","width":350,"height":200},"classes":[]},{"id":2822,"url":"https:\/\/pscg.me\/en\/predsjednici-saveza\/miloboricic\/","url_meta":{"origin":623,"position":2},"title":"(Montenegro) Milo Bori\u010di\u0107","author":"spetrov","date":"Wednesday March 14th, 2018","format":false,"excerpt":"Sorry, this entry is only available in Montenegro.","rel":"","context":"Similar post","block_context":{"text":"Similar post","link":""},"img":{"alt_text":"","src":"https:\/\/i0.wp.com\/pscg.me\/wp-content\/uploads\/2021\/01\/Milo-Boricic-195x300.jpg?resize=350%2C200","width":350,"height":200},"classes":[]},{"id":6063,"url":"https:\/\/pscg.me\/en\/komisija-za-markacije\/","url_meta":{"origin":623,"position":3},"title":"Commission for Markings, Mountain Trails, Hiking Paths, and the Register","author":"spetrov","date":"Sunday December 22nd, 2024","format":false,"excerpt":"Commission Composition: Chief: Luka Vuli\u0107, PK \"Berane\" Commission Members: \u017deljko Star\u010devi\u0107, PK \"Subra\", Herceg Novi Du\u0161an Kalu\u0111erovi\u0107, SPK \"Soko\", Cetinje Dragomir Potpara, KVP \"Kapetan\", Podgorica Nikola Bo\u0161kovi\u0107, PK \"Komovi\", Podgorica","rel":"","context":"Similar post","block_context":{"text":"Similar post","link":""},"img":{"alt_text":"","src":"https:\/\/i0.wp.com\/pscg.me\/wp-content\/uploads\/2025\/02\/komisija.png?resize=350%2C200&ssl=1","width":350,"height":200},"classes":[]},{"id":803,"url":"https:\/\/pscg.me\/en\/predsjednici-saveza\/rako_nikcevic\/","url_meta":{"origin":623,"position":4},"title":"(Montenegro) Radosav Nik\u010devi\u0107","author":"spetrov","date":"Wednesday March 14th, 2018","format":false,"excerpt":"Sorry, this entry is only available in Montenegro.","rel":"","context":"Similar post","block_context":{"text":"Similar post","link":""},"img":{"alt_text":"","src":"https:\/\/i0.wp.com\/pscg.me\/wp-content\/uploads\/2018\/04\/radosav-nikcevic.jpg?resize=350%2C200","width":350,"height":200},"classes":[]},{"id":6216,"url":"https:\/\/pscg.me\/en\/clubs\/montenegroguide\/","url_meta":{"origin":623,"position":5},"title":"(Montenegro) PSK Montenegro Guide","author":"Tatjana Ivanovic","date":"Sunday March 18th, 2018","format":false,"excerpt":"Sorry, this entry is only available in Montenegro.","rel":"","context":"Similar post","block_context":{"text":"Similar post","link":""},"img":{"alt_text":"","src":"https:\/\/i0.wp.com\/pscg.me\/wp-content\/uploads\/2018\/03\/036-montenegro-guide.jpg?resize=350%2C200&ssl=1","width":350,"height":200},"classes":[]}],"jetpack_sharing_enabled":true,"jetpack_shortlink":"https:\/\/wp.me\/P9BVX3-a3","_links":{"self":[{"href":"https:\/\/pscg.me\/en\/wp-json\/wp\/v2\/pages\/623","targetHints":{"allow":["GET"]}}],"collection":[{"href":"https:\/\/pscg.me\/en\/wp-json\/wp\/v2\/pages"}],"about":[{"href":"https:\/\/pscg.me\/en\/wp-json\/wp\/v2\/types\/page"}],"author":[{"embeddable":true,"href":"https:\/\/pscg.me\/en\/wp-json\/wp\/v2\/users\/1"}],"replies":[{"embeddable":true,"href":"https:\/\/pscg.me\/en\/wp-json\/wp\/v2\/comments?post=623"}],"version-history":[{"count":0,"href":"https:\/\/pscg.me\/en\/wp-json\/wp\/v2\/pages\/623\/revisions"}],"up":[{"embeddable":true,"href":"https:\/\/pscg.me\/en\/wp-json\/wp\/v2\/pages\/9"}],"wp:attachment":[{"href":"https:\/\/pscg.me\/en\/wp-json\/wp\/v2\/media?parent=623"}],"curies":[{"name":"wp","href":"https:\/\/api.w.org\/{rel}","templated":true}]}}