{"id":6143,"date":"2018-03-18T21:52:23","date_gmt":"2018-03-18T20:52:23","guid":{"rendered":"https:\/\/pscg.me\/?page_id=6143"},"modified":"2025-05-15T14:37:20","modified_gmt":"2025-05-15T13:37:20","slug":"pklipoja","status":"publish","type":"page","link":"https:\/\/pscg.me\/en\/clubs\/pklipoja\/","title":{"rendered":"(Montenegro) PK LIPOJA"},"content":{"rendered":"<p class=\"qtranxs-available-languages-message qtranxs-available-languages-message-en\">Sorry, this entry is only available in <a href=\"https:\/\/pscg.me\/sr\/wp-json\/wp\/v2\/pages\/6143\" class=\"qtranxs-available-language-link qtranxs-available-language-link-sr\" title=\"Montenegro\">Montenegro<\/a>.<\/p>","protected":false},"excerpt":{"rendered":"<p>Sorry, this entry is only available in Montenegro.<\/p>\n","protected":false},"author":1,"featured_media":0,"parent":9,"menu_order":0,"comment_status":"closed","ping_status":"closed","template":"","meta":{"jetpack_post_was_ever_published":false,"footnotes":""},"class_list":["post-6143","page","type-page","status-publish","hentry"],"jetpack_likes_enabled":true,"jetpack-related-posts":[{"id":4461,"url":"https:\/\/pscg.me\/en\/clubs\/komovi\/","url_meta":{"origin":6143,"position":0},"title":"(Montenegro) PK Komovi","author":"spetrov","date":"Sunday March 18th, 2018","format":false,"excerpt":"Sorry, this entry is only available in Montenegro.","rel":"","context":"Similar post","block_context":{"text":"Similar post","link":""},"img":{"alt_text":"","src":"https:\/\/i0.wp.com\/pscg.me\/wp-content\/uploads\/2023\/04\/KOMOVI-LOGO.png?resize=350%2C200&ssl=1","width":350,"height":200,"srcset":"https:\/\/i0.wp.com\/pscg.me\/wp-content\/uploads\/2023\/04\/KOMOVI-LOGO.png?resize=350%2C200&ssl=1 1x, https:\/\/i0.wp.com\/pscg.me\/wp-content\/uploads\/2023\/04\/KOMOVI-LOGO.png?resize=525%2C300&ssl=1 1.5x, https:\/\/i0.wp.com\/pscg.me\/wp-content\/uploads\/2023\/04\/KOMOVI-LOGO.png?resize=700%2C400&ssl=1 2x, https:\/\/i0.wp.com\/pscg.me\/wp-content\/uploads\/2023\/04\/KOMOVI-LOGO.png?resize=1050%2C600&ssl=1 3x"},"classes":[]},{"id":6149,"url":"https:\/\/pscg.me\/en\/clubs\/bihor\/","url_meta":{"origin":6143,"position":1},"title":"(Montenegro) PSK BIHOR","author":"spetrov","date":"Sunday March 18th, 2018","format":false,"excerpt":"Sorry, this entry is only available in Montenegro.","rel":"","context":"Similar post","block_context":{"text":"Similar post","link":""},"img":{"alt_text":"","src":"https:\/\/i0.wp.com\/pscg.me\/wp-content\/uploads\/2025\/01\/bihor.jpg?resize=350%2C200&ssl=1","width":350,"height":200},"classes":[]},{"id":3526,"url":"https:\/\/pscg.me\/en\/clubs\/dzambas\/","url_meta":{"origin":6143,"position":2},"title":"(Montenegro) PSK DU\u0160AN BULATOVI\u0106 D\u017dAMBAS","author":"spetrov","date":"Sunday March 18th, 2018","format":false,"excerpt":"Sorry, this entry is only available in Montenegro.","rel":"","context":"Similar post","block_context":{"text":"Similar post","link":""},"img":{"alt_text":"","src":"https:\/\/i0.wp.com\/pscg.me\/wp-content\/uploads\/2022\/02\/IMG-07019f84cd23a4c581babb25a6ea3b8e-V-300x287.jpg?resize=350%2C200","width":350,"height":200},"classes":[]},{"id":642,"url":"https:\/\/pscg.me\/en\/clubs\/spk-soko\/","url_meta":{"origin":6143,"position":3},"title":"(Montenegro) SPK SOKO","author":"spetrov","date":"Sunday March 18th, 2018","format":false,"excerpt":"Sorry, this entry is only available in Montenegro.","rel":"","context":"Similar post","block_context":{"text":"Similar post","link":""},"img":{"alt_text":"","src":"https:\/\/i0.wp.com\/pscg.me\/wp-content\/uploads\/2018\/03\/011-spk-soko-300x300.jpg?resize=350%2C200","width":350,"height":200},"classes":[]},{"id":2836,"url":"https:\/\/pscg.me\/en\/clubs\/ocnjak\/","url_meta":{"origin":6143,"position":4},"title":"(Montenegro) PSK O\u010dnjak, Gusinje","author":"spetrov","date":"Sunday March 18th, 2018","format":false,"excerpt":"Sorry, this entry is only available in Montenegro.","rel":"","context":"Similar post","block_context":{"text":"Similar post","link":""},"img":{"alt_text":"","src":"https:\/\/i0.wp.com\/pscg.me\/wp-content\/uploads\/2021\/01\/ocnjak-gusinje-300x300.jpg?resize=350%2C200","width":350,"height":200},"classes":[]},{"id":6216,"url":"https:\/\/pscg.me\/en\/clubs\/montenegroguide\/","url_meta":{"origin":6143,"position":5},"title":"(Montenegro) PSK Montenegro Guide","author":"Tatjana Ivanovic","date":"Sunday March 18th, 2018","format":false,"excerpt":"Sorry, this entry is only available in Montenegro.","rel":"","context":"Similar post","block_context":{"text":"Similar post","link":""},"img":{"alt_text":"","src":"https:\/\/i0.wp.com\/pscg.me\/wp-content\/uploads\/2018\/03\/036-montenegro-guide.jpg?resize=350%2C200&ssl=1","width":350,"height":200},"classes":[]}],"jetpack_sharing_enabled":true,"jetpack_shortlink":"https:\/\/wp.me\/P9BVX3-1B5","_links":{"self":[{"href":"https:\/\/pscg.me\/en\/wp-json\/wp\/v2\/pages\/6143","targetHints":{"allow":["GET"]}}],"collection":[{"href":"https:\/\/pscg.me\/en\/wp-json\/wp\/v2\/pages"}],"about":[{"href":"https:\/\/pscg.me\/en\/wp-json\/wp\/v2\/types\/page"}],"author":[{"embeddable":true,"href":"https:\/\/pscg.me\/en\/wp-json\/wp\/v2\/users\/1"}],"replies":[{"embeddable":true,"href":"https:\/\/pscg.me\/en\/wp-json\/wp\/v2\/comments?post=6143"}],"version-history":[{"count":0,"href":"https:\/\/pscg.me\/en\/wp-json\/wp\/v2\/pages\/6143\/revisions"}],"up":[{"embeddable":true,"href":"https:\/\/pscg.me\/en\/wp-json\/wp\/v2\/pages\/9"}],"wp:attachment":[{"href":"https:\/\/pscg.me\/en\/wp-json\/wp\/v2\/media?parent=6143"}],"curies":[{"name":"wp","href":"https:\/\/api.w.org\/{rel}","templated":true}]}}