{"id":3526,"date":"2018-03-18T21:52:23","date_gmt":"2018-03-18T20:52:23","guid":{"rendered":"http:\/\/pscg.me\/?page_id=3526"},"modified":"2025-07-25T14:38:52","modified_gmt":"2025-07-25T13:38:52","slug":"dzambas","status":"publish","type":"page","link":"https:\/\/pscg.me\/en\/clubs\/dzambas\/","title":{"rendered":"(Montenegro) PSK DU\u0160AN BULATOVI\u0106 D\u017dAMBAS"},"content":{"rendered":"<p class=\"qtranxs-available-languages-message qtranxs-available-languages-message-en\">Sorry, this entry is only available in <a href=\"https:\/\/pscg.me\/sr\/wp-json\/wp\/v2\/pages\/3526\" class=\"qtranxs-available-language-link qtranxs-available-language-link-sr\" title=\"Montenegro\">Montenegro<\/a>.<\/p>","protected":false},"excerpt":{"rendered":"<p>Sorry, this entry is only available in Montenegro.<\/p>\n","protected":false},"author":1,"featured_media":0,"parent":9,"menu_order":0,"comment_status":"closed","ping_status":"closed","template":"","meta":{"jetpack_post_was_ever_published":false,"footnotes":""},"class_list":["post-3526","page","type-page","status-publish","hentry"],"jetpack_likes_enabled":true,"jetpack-related-posts":[{"id":642,"url":"https:\/\/pscg.me\/en\/clubs\/spk-soko\/","url_meta":{"origin":3526,"position":0},"title":"(Montenegro) SPK SOKO","author":"spetrov","date":"Sunday March 18th, 2018","format":false,"excerpt":"Sorry, this entry is only available in Montenegro.","rel":"","context":"Similar post","block_context":{"text":"Similar post","link":""},"img":{"alt_text":"","src":"https:\/\/i0.wp.com\/pscg.me\/wp-content\/uploads\/2018\/03\/011-spk-soko-300x300.jpg?resize=350%2C200","width":350,"height":200},"classes":[]},{"id":690,"url":"https:\/\/pscg.me\/en\/clubs\/proscenske\/","url_meta":{"origin":3526,"position":1},"title":"(Montenegro) PSK PRO\u0160\u0106ENSKE PLANINE","author":"spetrov","date":"Sunday March 18th, 2018","format":false,"excerpt":"Sorry, this entry is only available in Montenegro.","rel":"","context":"Similar post","block_context":{"text":"Similar post","link":""},"img":{"alt_text":"","src":"https:\/\/i0.wp.com\/pscg.me\/wp-content\/uploads\/2018\/03\/021-pk-proscenske-planine-279x300.jpg?resize=350%2C200","width":350,"height":200},"classes":[]},{"id":3494,"url":"https:\/\/pscg.me\/en\/planinarska-orijentacija-i-reprezentacija-pscg\/","url_meta":{"origin":3526,"position":2},"title":"(Montenegro) Planinarska orijentacija i reprezentacija PSCG","author":"spetrov","date":"Saturday December 24th, 2022","format":false,"excerpt":"Sorry, this entry is only available in Montenegro.","rel":"","context":"Similar post","block_context":{"text":"Similar post","link":""},"img":{"alt_text":"","src":"https:\/\/i0.wp.com\/pscg.me\/wp-content\/uploads\/2023\/06\/Licenca-za-trenera-Dragutin-Vujovic-Slagi-2022-2025-234x300.jpg?resize=350%2C200&ssl=1","width":350,"height":200},"classes":[]},{"id":686,"url":"https:\/\/pscg.me\/en\/clubs\/pk-sinjavina\/","url_meta":{"origin":3526,"position":3},"title":"(Montenegro) PK SINJAVINA","author":"spetrov","date":"Sunday March 18th, 2018","format":false,"excerpt":"Sorry, this entry is only available in Montenegro.","rel":"","context":"Similar post","block_context":{"text":"Similar post","link":""},"img":{"alt_text":"","src":"https:\/\/i0.wp.com\/pscg.me\/wp-content\/uploads\/2018\/03\/019-pk-sinjavina.jpg?resize=350%2C200","width":350,"height":200},"classes":[]},{"id":3521,"url":"https:\/\/pscg.me\/en\/clubs\/pkbioc\/","url_meta":{"origin":3526,"position":4},"title":"(Montenegro) PK BIO\u010c","author":"spetrov","date":"Sunday March 18th, 2018","format":false,"excerpt":"Sorry, this entry is only available in Montenegro.","rel":"","context":"Similar post","block_context":{"text":"Similar post","link":""},"img":{"alt_text":"","src":"https:\/\/i0.wp.com\/pscg.me\/wp-content\/uploads\/2022\/02\/Logo-PK-Bioc.png?resize=350%2C200&ssl=1","width":350,"height":200,"srcset":"https:\/\/i0.wp.com\/pscg.me\/wp-content\/uploads\/2022\/02\/Logo-PK-Bioc.png?resize=350%2C200&ssl=1 1x, https:\/\/i0.wp.com\/pscg.me\/wp-content\/uploads\/2022\/02\/Logo-PK-Bioc.png?resize=525%2C300&ssl=1 1.5x, https:\/\/i0.wp.com\/pscg.me\/wp-content\/uploads\/2022\/02\/Logo-PK-Bioc.png?resize=700%2C400&ssl=1 2x, https:\/\/i0.wp.com\/pscg.me\/wp-content\/uploads\/2022\/02\/Logo-PK-Bioc.png?resize=1050%2C600&ssl=1 3x"},"classes":[]},{"id":3512,"url":"https:\/\/pscg.me\/en\/clubs\/spkrumija\/","url_meta":{"origin":3526,"position":5},"title":"(Montenegro) SPK RUMIJA","author":"spetrov","date":"Sunday March 18th, 2018","format":false,"excerpt":"Sorry, this entry is only available in Montenegro.","rel":"","context":"Similar post","block_context":{"text":"Similar post","link":""},"img":{"alt_text":"","src":"https:\/\/i0.wp.com\/pscg.me\/wp-content\/uploads\/2022\/02\/FB_IMG_1621455986494.jpg?resize=350%2C200&ssl=1","width":350,"height":200},"classes":[]}],"jetpack_sharing_enabled":true,"jetpack_shortlink":"https:\/\/wp.me\/P9BVX3-US","_links":{"self":[{"href":"https:\/\/pscg.me\/en\/wp-json\/wp\/v2\/pages\/3526","targetHints":{"allow":["GET"]}}],"collection":[{"href":"https:\/\/pscg.me\/en\/wp-json\/wp\/v2\/pages"}],"about":[{"href":"https:\/\/pscg.me\/en\/wp-json\/wp\/v2\/types\/page"}],"author":[{"embeddable":true,"href":"https:\/\/pscg.me\/en\/wp-json\/wp\/v2\/users\/1"}],"replies":[{"embeddable":true,"href":"https:\/\/pscg.me\/en\/wp-json\/wp\/v2\/comments?post=3526"}],"version-history":[{"count":0,"href":"https:\/\/pscg.me\/en\/wp-json\/wp\/v2\/pages\/3526\/revisions"}],"up":[{"embeddable":true,"href":"https:\/\/pscg.me\/en\/wp-json\/wp\/v2\/pages\/9"}],"wp:attachment":[{"href":"https:\/\/pscg.me\/en\/wp-json\/wp\/v2\/media?parent=3526"}],"curies":[{"name":"wp","href":"https:\/\/api.w.org\/{rel}","templated":true}]}}