{"id":3408,"date":"2021-12-22T09:34:05","date_gmt":"2021-12-22T08:34:05","guid":{"rendered":"https:\/\/pscg.me\/?page_id=3408"},"modified":"2025-02-11T22:08:51","modified_gmt":"2025-02-11T21:08:51","slug":"komisija-za-markacije-planinarske-staze-pjesacke-puteve-i-registar","status":"publish","type":"page","link":"https:\/\/pscg.me\/en\/komisija-za-markacije-planinarske-staze-pjesacke-puteve-i-registar\/","title":{"rendered":"(Montenegro) Komisija za markacije, planinarske staze, pje\u0161a\u010dke puteve i Registar"},"content":{"rendered":"","protected":false},"excerpt":{"rendered":"","protected":false},"author":1,"featured_media":0,"parent":0,"menu_order":0,"comment_status":"closed","ping_status":"closed","template":"","meta":{"footnotes":""},"class_list":["post-3408","page","type-page","status-publish","hentry"],"jetpack_likes_enabled":true,"jetpack-related-posts":[{"id":6063,"url":"https:\/\/pscg.me\/en\/komisija-za-markacije\/","url_meta":{"origin":3408,"position":0},"title":"Commission for Markings, Mountain Trails, Hiking Paths, and the Register","author":"spetrov","date":"Sunday December 22nd, 2024","format":false,"excerpt":"Commission Composition: Chief: Luka Vuli\u0107, PK \"Berane\" Commission Members: \u017deljko Star\u010devi\u0107, PK \"Subra\", Herceg Novi Du\u0161an Kalu\u0111erovi\u0107, SPK \"Soko\", Cetinje Dragomir Potpara, KVP \"Kapetan\", Podgorica Nikola Bo\u0161kovi\u0107, PK \"Komovi\", Podgorica","rel":"","context":"Similar post","block_context":{"text":"Similar post","link":""},"img":{"alt_text":"","src":"https:\/\/i0.wp.com\/pscg.me\/wp-content\/uploads\/2025\/02\/komisija.png?resize=350%2C200&ssl=1","width":350,"height":200},"classes":[]},{"id":6213,"url":"https:\/\/pscg.me\/en\/clubs\/pkgorica\/","url_meta":{"origin":3408,"position":1},"title":"(Montenegro) PSK GORICA","author":"Tatjana Ivanovic","date":"Sunday March 18th, 2018","format":false,"excerpt":"Sorry, this entry is only available in Montenegro.","rel":"","context":"Similar post","block_context":{"text":"Similar post","link":""},"img":{"alt_text":"","src":"https:\/\/i0.wp.com\/pscg.me\/wp-content\/uploads\/2018\/03\/031-pk-gorica-1.jpg?resize=350%2C200&ssl=1","width":350,"height":200},"classes":[]},{"id":2625,"url":"https:\/\/pscg.me\/en\/komisija-za-planinsko-trcanje\/2020-aktivnosti\/","url_meta":{"origin":3408,"position":2},"title":"(Montenegro) 2020 aktivnosti","author":"spetrov","date":"Tuesday June 30th, 2020","format":false,"excerpt":"Sorry, this entry is only available in Montenegro.","rel":"","context":"Similar post","block_context":{"text":"Similar post","link":""},"img":{"alt_text":"","src":"https:\/\/i0.wp.com\/pscg.me\/wp-content\/uploads\/2020\/06\/muskarci-rezultati-1024x378.jpg?resize=350%2C200","width":350,"height":200,"srcset":"https:\/\/i0.wp.com\/pscg.me\/wp-content\/uploads\/2020\/06\/muskarci-rezultati-1024x378.jpg?resize=350%2C200 1x, https:\/\/i0.wp.com\/pscg.me\/wp-content\/uploads\/2020\/06\/muskarci-rezultati-1024x378.jpg?resize=525%2C300 1.5x, https:\/\/i0.wp.com\/pscg.me\/wp-content\/uploads\/2020\/06\/muskarci-rezultati-1024x378.jpg?resize=700%2C400 2x"},"classes":[]},{"id":2458,"url":"https:\/\/pscg.me\/en\/komisija-za-planinsko-trcanje\/","url_meta":{"origin":3408,"position":3},"title":"(Montenegro) Komisija za planinsko tr\u010danje","author":"spetrov","date":"Thursday February  6th, 2020","format":false,"excerpt":"Sorry, this entry is only available in Montenegro.","rel":"","context":"Similar post","block_context":{"text":"Similar post","link":""},"img":{"alt_text":"slika preuzeta sa sajta www.orjen.me","src":"https:\/\/i0.wp.com\/pscg.me\/wp-content\/uploads\/2020\/02\/Planinsko-tr%C4%8Danje.jpg?resize=350%2C200","width":350,"height":200},"classes":[]},{"id":2437,"url":"https:\/\/pscg.me\/en\/clubs\/visokogorcicg\/","url_meta":{"origin":3408,"position":4},"title":"(Montenegro) PK VISOKOGORCI CRNE GORE","author":"spetrov","date":"Sunday March 18th, 2018","format":false,"excerpt":"Sorry, this entry is only available in Montenegro.","rel":"","context":"Similar post","block_context":{"text":"Similar post","link":""},"img":{"alt_text":"","src":"https:\/\/i0.wp.com\/pscg.me\/wp-content\/uploads\/2018\/03\/029-pk-visokogorci-Crne-Gore.jpg?resize=350%2C200","width":350,"height":200},"classes":[]},{"id":1460,"url":"https:\/\/pscg.me\/en\/registar-staza\/","url_meta":{"origin":3408,"position":5},"title":"Track register","author":"spetrov","date":"Monday October  1st, 2018","format":false,"excerpt":"Dear visitors, browse and download the map with registered tracks in Montenegro. Use image zoom and just hoover by mouse over the image for details:","rel":"","context":"Similar post","block_context":{"text":"Similar post","link":""},"img":{"alt_text":"","src":"https:\/\/i0.wp.com\/pscg.me\/wp-content\/uploads\/2018\/10\/Map_Montenegro_1_450000-nac-mreza-g2011-975x1024.jpg?resize=350%2C200","width":350,"height":200,"srcset":"https:\/\/i0.wp.com\/pscg.me\/wp-content\/uploads\/2018\/10\/Map_Montenegro_1_450000-nac-mreza-g2011-975x1024.jpg?resize=350%2C200 1x, https:\/\/i0.wp.com\/pscg.me\/wp-content\/uploads\/2018\/10\/Map_Montenegro_1_450000-nac-mreza-g2011-975x1024.jpg?resize=525%2C300 1.5x, https:\/\/i0.wp.com\/pscg.me\/wp-content\/uploads\/2018\/10\/Map_Montenegro_1_450000-nac-mreza-g2011-975x1024.jpg?resize=700%2C400 2x"},"classes":[]}],"jetpack_sharing_enabled":true,"jetpack_shortlink":"https:\/\/wp.me\/P9BVX3-SY","_links":{"self":[{"href":"https:\/\/pscg.me\/en\/wp-json\/wp\/v2\/pages\/3408","targetHints":{"allow":["GET"]}}],"collection":[{"href":"https:\/\/pscg.me\/en\/wp-json\/wp\/v2\/pages"}],"about":[{"href":"https:\/\/pscg.me\/en\/wp-json\/wp\/v2\/types\/page"}],"author":[{"embeddable":true,"href":"https:\/\/pscg.me\/en\/wp-json\/wp\/v2\/users\/1"}],"replies":[{"embeddable":true,"href":"https:\/\/pscg.me\/en\/wp-json\/wp\/v2\/comments?post=3408"}],"version-history":[{"count":1,"href":"https:\/\/pscg.me\/en\/wp-json\/wp\/v2\/pages\/3408\/revisions"}],"predecessor-version":[{"id":6236,"href":"https:\/\/pscg.me\/en\/wp-json\/wp\/v2\/pages\/3408\/revisions\/6236"}],"wp:attachment":[{"href":"https:\/\/pscg.me\/en\/wp-json\/wp\/v2\/media?parent=3408"}],"curies":[{"name":"wp","href":"https:\/\/api.w.org\/{rel}","templated":true}]}}