{"id":2831,"date":"2018-03-14T23:25:06","date_gmt":"2018-03-14T22:25:06","guid":{"rendered":"http:\/\/pscg.me\/?page_id=2831"},"modified":"2021-01-27T11:42:05","modified_gmt":"2021-01-27T10:42:05","slug":"sveto","status":"publish","type":"page","link":"https:\/\/pscg.me\/en\/predsjednici-saveza\/sveto\/","title":{"rendered":"(Montenegro) Svetozar Stojkovi\u0107 (1977-1979)"},"content":{"rendered":"<p class=\"qtranxs-available-languages-message qtranxs-available-languages-message-en\">Sorry, this entry is only available in <a href=\"https:\/\/pscg.me\/sr\/wp-json\/wp\/v2\/pages\/2831\" class=\"qtranxs-available-language-link qtranxs-available-language-link-sr\" title=\"Montenegro\">Montenegro<\/a>.<\/p>","protected":false},"excerpt":{"rendered":"<p>Sorry, this entry is only available in Montenegro.<\/p>\n","protected":false},"author":1,"featured_media":0,"parent":273,"menu_order":0,"comment_status":"closed","ping_status":"closed","template":"","meta":{"footnotes":""},"class_list":["post-2831","page","type-page","status-publish","hentry"],"jetpack_likes_enabled":true,"jetpack-related-posts":[{"id":2822,"url":"https:\/\/pscg.me\/en\/predsjednici-saveza\/miloboricic\/","url_meta":{"origin":2831,"position":0},"title":"(Montenegro) Milo Bori\u010di\u0107","author":"spetrov","date":"Wednesday March 14th, 2018","format":false,"excerpt":"Sorry, this entry is only available in Montenegro.","rel":"","context":"Similar post","block_context":{"text":"Similar post","link":""},"img":{"alt_text":"","src":"https:\/\/i0.wp.com\/pscg.me\/wp-content\/uploads\/2021\/01\/Milo-Boricic-195x300.jpg?resize=350%2C200","width":350,"height":200},"classes":[]},{"id":783,"url":"https:\/\/pscg.me\/en\/predsjednici-saveza\/perunovic-djordije-djedo\/","url_meta":{"origin":2831,"position":1},"title":"(Montenegro) Perunovi\u0107 Filipa \u0110or\u0111ije &#8211; \u0110edo","author":"spetrov","date":"Thursday March 15th, 2018","format":false,"excerpt":"Sorry, this entry is only available in Montenegro.","rel":"","context":"Similar post","block_context":{"text":"Similar post","link":""},"img":{"alt_text":"","src":"https:\/\/i0.wp.com\/pscg.me\/wp-content\/uploads\/2018\/04\/Perunovic-djordije-djedo-naslovna-216x300.jpg?resize=350%2C200","width":350,"height":200},"classes":[]},{"id":545,"url":"https:\/\/pscg.me\/en\/predsjednici-saveza\/miodrag-mijo-kovacevic\/","url_meta":{"origin":2831,"position":2},"title":"(Montenegro) Miodrag Mijo Kova\u010devi\u0107","author":"spetrov","date":"Thursday March 15th, 2018","format":false,"excerpt":"Sorry, this entry is only available in Montenegro.","rel":"","context":"Similar post","block_context":{"text":"Similar post","link":""},"img":{"alt_text":"","src":"https:\/\/i0.wp.com\/pscg.me\/wp-content\/uploads\/2018\/02\/Mijo-Kovacevic.jpg?resize=350%2C200","width":350,"height":200},"classes":[]},{"id":281,"url":"https:\/\/pscg.me\/en\/predsjednici-saveza\/vukosava-vukica-micunovic-2\/","url_meta":{"origin":2831,"position":3},"title":"(Montenegro) Vukosava Vukica Mi\u0107unovi\u0107","author":"spetrov","date":"Sunday February 25th, 2018","format":false,"excerpt":"Sorry, this entry is only available in Montenegro.","rel":"","context":"Similar post","block_context":{"text":"Similar post","link":""},"img":{"alt_text":"","src":"https:\/\/i0.wp.com\/pscg.me\/wp-content\/uploads\/2018\/02\/Vukosava-Vukica-Micunovic.jpg?resize=350%2C200","width":350,"height":200},"classes":[]},{"id":2834,"url":"https:\/\/pscg.me\/en\/predsjednici-saveza\/gojko\/","url_meta":{"origin":2831,"position":4},"title":"(Montenegro) Gojko Vlahovi\u0107 (1979-1981)","author":"spetrov","date":"Wednesday March 14th, 2018","format":false,"excerpt":"Sorry, this entry is only available in Montenegro.","rel":"","context":"Similar post","block_context":{"text":"Similar post","link":""},"img":{"alt_text":"","src":"https:\/\/i0.wp.com\/pscg.me\/wp-content\/uploads\/2018\/02\/Gojko-Vlahovic-216x300.jpg?resize=350%2C200","width":350,"height":200},"classes":[]},{"id":793,"url":"https:\/\/pscg.me\/en\/predsjednici-saveza\/softic_safet\/","url_meta":{"origin":2831,"position":5},"title":"(Montenegro) Softi\u0107 Safet &#8211; Safo","author":"spetrov","date":"Wednesday March 14th, 2018","format":false,"excerpt":"Sorry, this entry is only available in Montenegro.","rel":"","context":"Similar post","block_context":{"text":"Similar post","link":""},"img":{"alt_text":"","src":"https:\/\/i0.wp.com\/pscg.me\/wp-content\/uploads\/2018\/04\/safet-softic-nova-naslovna-216x300.jpg?resize=350%2C200","width":350,"height":200},"classes":[]}],"jetpack_sharing_enabled":true,"jetpack_shortlink":"https:\/\/wp.me\/P9BVX3-JF","_links":{"self":[{"href":"https:\/\/pscg.me\/en\/wp-json\/wp\/v2\/pages\/2831","targetHints":{"allow":["GET"]}}],"collection":[{"href":"https:\/\/pscg.me\/en\/wp-json\/wp\/v2\/pages"}],"about":[{"href":"https:\/\/pscg.me\/en\/wp-json\/wp\/v2\/types\/page"}],"author":[{"embeddable":true,"href":"https:\/\/pscg.me\/en\/wp-json\/wp\/v2\/users\/1"}],"replies":[{"embeddable":true,"href":"https:\/\/pscg.me\/en\/wp-json\/wp\/v2\/comments?post=2831"}],"version-history":[{"count":0,"href":"https:\/\/pscg.me\/en\/wp-json\/wp\/v2\/pages\/2831\/revisions"}],"up":[{"embeddable":true,"href":"https:\/\/pscg.me\/en\/wp-json\/wp\/v2\/pages\/273"}],"wp:attachment":[{"href":"https:\/\/pscg.me\/en\/wp-json\/wp\/v2\/media?parent=2831"}],"curies":[{"name":"wp","href":"https:\/\/api.w.org\/{rel}","templated":true}]}}