{"id":2437,"date":"2018-03-18T21:52:23","date_gmt":"2018-03-18T20:52:23","guid":{"rendered":"http:\/\/pscg.me\/?page_id=2437"},"modified":"2023-04-11T14:43:42","modified_gmt":"2023-04-11T13:43:42","slug":"visokogorcicg","status":"publish","type":"page","link":"https:\/\/pscg.me\/en\/clubs\/visokogorcicg\/","title":{"rendered":"(Montenegro) PK VISOKOGORCI CRNE GORE"},"content":{"rendered":"<p class=\"qtranxs-available-languages-message qtranxs-available-languages-message-en\">Sorry, this entry is only available in <a href=\"https:\/\/pscg.me\/sr\/wp-json\/wp\/v2\/pages\/2437\" class=\"qtranxs-available-language-link qtranxs-available-language-link-sr\" title=\"Montenegro\">Montenegro<\/a>.<\/p>","protected":false},"excerpt":{"rendered":"<p>Sorry, this entry is only available in Montenegro.<\/p>\n","protected":false},"author":1,"featured_media":0,"parent":9,"menu_order":0,"comment_status":"closed","ping_status":"closed","template":"","meta":{"footnotes":""},"class_list":["post-2437","page","type-page","status-publish","hentry"],"jetpack_likes_enabled":true,"jetpack-related-posts":[{"id":2434,"url":"https:\/\/pscg.me\/en\/clubs\/vkapetan\/","url_meta":{"origin":2437,"position":0},"title":"(Montenegro) KLUB VOJNIH PLANINARA CRNE GORE \u201cKAPETAN\u201c","author":"spetrov","date":"Sunday March 18th, 2018","format":false,"excerpt":"Sorry, this entry is only available in Montenegro.","rel":"","context":"Similar post","block_context":{"text":"Similar post","link":""},"img":{"alt_text":"","src":"https:\/\/i0.wp.com\/pscg.me\/wp-content\/uploads\/2018\/02\/Kapetan.png?resize=350%2C200","width":350,"height":200},"classes":[]},{"id":248,"url":"https:\/\/pscg.me\/en\/redakcija\/","url_meta":{"origin":2437,"position":1},"title":"Editorial board","author":"spetrov","date":"Sunday February 25th, 2018","format":false,"excerpt":"\"Planinarske novine\" come out twice a year. Publishing advice board: Luka Mitrovi\u0107, Darko Braju\u0161kovi\u0107, Vesna Bulatovi\u0107, Enes Dre\u0161kovi\u0107, Fevzija Kurtagi\u0107, Dragan Bulatovi\u0107, Radojica Daki\u0107, Gordana Jovovi\u0107, Milutin \u0110urovi\u0107, prof. dr Sa\u0161a Popovi\u0107, Boro Deliba\u0161i\u0107. Editorial board: Darko Braju\u0161kovi\u0107, Mirko Jakovljevi\u0107, Radojka Tomovi\u0107, Pavle S. Bandovi\u0107, Dragan Bulatovi\u0107, \u017deljko Mad\u017egalj, Vasilije\u2026","rel":"","context":"Similar post","block_context":{"text":"Similar post","link":""},"img":{"alt_text":"","src":"https:\/\/i0.wp.com\/pscg.me\/wp-content\/uploads\/2018\/02\/kontakt-urednistvu.jpg?resize=350%2C200","width":350,"height":200},"classes":[]},{"id":150,"url":"https:\/\/pscg.me\/en\/our-company\/istorijat\/","url_meta":{"origin":2437,"position":2},"title":"(Montenegro) Istorijat","author":"spetrov","date":"Thursday February  8th, 2018","format":false,"excerpt":"Sorry, this entry is only available in Montenegro.","rel":"","context":"Similar post","block_context":{"text":"Similar post","link":""},"img":{"alt_text":"","src":"https:\/\/i0.wp.com\/pscg.me\/wp-content\/uploads\/2018\/03\/PLANINARENJE-NEKAD_5257cd714f601-300x195.jpg?resize=350%2C200","width":350,"height":200},"classes":[]},{"id":6230,"url":"https:\/\/pscg.me\/en\/clubs\/brskovo\/","url_meta":{"origin":2437,"position":3},"title":"(Montenegro) PSK BRSKOVO","author":"Tatjana Ivanovic","date":"Sunday March 18th, 2018","format":false,"excerpt":"Sorry, this entry is only available in Montenegro.","rel":"","context":"Similar post","block_context":{"text":"Similar post","link":""},"img":{"alt_text":"","src":"https:\/\/i0.wp.com\/pscg.me\/wp-content\/uploads\/2025\/02\/450247135_122098996832403611_6887541059750455415_n-1.jpg?resize=350%2C200&ssl=1","width":350,"height":200},"classes":[]},{"id":621,"url":"https:\/\/pscg.me\/en\/clubs\/pkberane\/","url_meta":{"origin":2437,"position":4},"title":"(Montenegro) PSK BERANE","author":"spetrov","date":"Sunday March 18th, 2018","format":false,"excerpt":"Sorry, this entry is only available in Montenegro.","rel":"","context":"Similar post","block_context":{"text":"Similar post","link":""},"img":{"alt_text":"","src":"https:\/\/i0.wp.com\/pscg.me\/wp-content\/uploads\/2020\/01\/Logoberane.png?resize=350%2C200&ssl=1","width":350,"height":200},"classes":[]},{"id":533,"url":"https:\/\/pscg.me\/en\/predsjednici-saveza\/branislav-brano-perovic\/","url_meta":{"origin":2437,"position":5},"title":"(Montenegro) Branislav Brano Perovi\u0107","author":"spetrov","date":"Wednesday March 14th, 2018","format":false,"excerpt":"Sorry, this entry is only available in Montenegro.","rel":"","context":"Similar post","block_context":{"text":"Similar post","link":""},"img":{"alt_text":"","src":"https:\/\/i0.wp.com\/pscg.me\/wp-content\/uploads\/2021\/01\/brano-perovic.jpg?resize=350%2C200","width":350,"height":200},"classes":[]}],"jetpack_sharing_enabled":true,"jetpack_shortlink":"https:\/\/wp.me\/P9BVX3-Dj","_links":{"self":[{"href":"https:\/\/pscg.me\/en\/wp-json\/wp\/v2\/pages\/2437","targetHints":{"allow":["GET"]}}],"collection":[{"href":"https:\/\/pscg.me\/en\/wp-json\/wp\/v2\/pages"}],"about":[{"href":"https:\/\/pscg.me\/en\/wp-json\/wp\/v2\/types\/page"}],"author":[{"embeddable":true,"href":"https:\/\/pscg.me\/en\/wp-json\/wp\/v2\/users\/1"}],"replies":[{"embeddable":true,"href":"https:\/\/pscg.me\/en\/wp-json\/wp\/v2\/comments?post=2437"}],"version-history":[{"count":0,"href":"https:\/\/pscg.me\/en\/wp-json\/wp\/v2\/pages\/2437\/revisions"}],"up":[{"embeddable":true,"href":"https:\/\/pscg.me\/en\/wp-json\/wp\/v2\/pages\/9"}],"wp:attachment":[{"href":"https:\/\/pscg.me\/en\/wp-json\/wp\/v2\/media?parent=2437"}],"curies":[{"name":"wp","href":"https:\/\/api.w.org\/{rel}","templated":true}]}}